{"id":946,"date":"2024-04-11T19:12:56","date_gmt":"2024-04-11T22:12:56","guid":{"rendered":"https:\/\/sbsc.sbc.org.br\/2024\/?page_id=946"},"modified":"2024-04-11T20:37:26","modified_gmt":"2024-04-11T23:37:26","slug":"modelos","status":"publish","type":"page","link":"https:\/\/sbsc.sbc.org.br\/2024\/modelos\/","title":{"rendered":"Modelos"},"content":{"rendered":"\t\t<div data-elementor-type=\"wp-page\" data-elementor-id=\"946\" class=\"elementor elementor-946\">\n\t\t\t\t\t\t<section class=\"elementor-section elementor-top-section elementor-element elementor-element-1c8898c elementor-section-height-min-height elementor-section-boxed elementor-section-height-default elementor-section-items-middle\" data-id=\"1c8898c\" data-element_type=\"section\" data-e-type=\"section\" data-settings=\"{&quot;background_background&quot;:&quot;classic&quot;,&quot;shape_divider_top&quot;:&quot;mountains&quot;,&quot;shape_divider_bottom&quot;:&quot;waves&quot;,&quot;shape_divider_bottom_negative&quot;:&quot;yes&quot;}\">\n\t\t\t\t\t<div class=\"elementor-shape elementor-shape-top\" aria-hidden=\"true\" data-negative=\"false\">\n\t\t\t<svg xmlns=\"http:\/\/www.w3.org\/2000\/svg\" viewBox=\"0 0 1000 100\" preserveAspectRatio=\"none\">\n\t<path class=\"elementor-shape-fill\" opacity=\"0.33\" d=\"M473,67.3c-203.9,88.3-263.1-34-320.3,0C66,119.1,0,59.7,0,59.7V0h1000v59.7 c0,0-62.1,26.1-94.9,29.3c-32.8,3.3-62.8-12.3-75.8-22.1C806,49.6,745.3,8.7,694.9,4.7S492.4,59,473,67.3z\"\/>\n\t<path class=\"elementor-shape-fill\" opacity=\"0.66\" d=\"M734,67.3c-45.5,0-77.2-23.2-129.1-39.1c-28.6-8.7-150.3-10.1-254,39.1 s-91.7-34.4-149.2,0C115.7,118.3,0,39.8,0,39.8V0h1000v36.5c0,0-28.2-18.5-92.1-18.5C810.2,18.1,775.7,67.3,734,67.3z\"\/>\n\t<path class=\"elementor-shape-fill\" d=\"M766.1,28.9c-200-57.5-266,65.5-395.1,19.5C242,1.8,242,5.4,184.8,20.6C128,35.8,132.3,44.9,89.9,52.5C28.6,63.7,0,0,0,0 h1000c0,0-9.9,40.9-83.6,48.1S829.6,47,766.1,28.9z\"\/>\n<\/svg>\t\t<\/div>\n\t\t\t\t<div class=\"elementor-shape elementor-shape-bottom\" aria-hidden=\"true\" data-negative=\"true\">\n\t\t\t<svg xmlns=\"http:\/\/www.w3.org\/2000\/svg\" viewBox=\"0 0 1000 100\" preserveAspectRatio=\"none\">\n\t<path class=\"elementor-shape-fill\" d=\"M790.5,93.1c-59.3-5.3-116.8-18-192.6-50c-29.6-12.7-76.9-31-100.5-35.9c-23.6-4.9-52.6-7.8-75.5-5.3\n\tc-10.2,1.1-22.6,1.4-50.1,7.4c-27.2,6.3-58.2,16.6-79.4,24.7c-41.3,15.9-94.9,21.9-134,22.6C72,58.2,0,25.8,0,25.8V100h1000V65.3\n\tc0,0-51.5,19.4-106.2,25.7C839.5,97,814.1,95.2,790.5,93.1z\"\/>\n<\/svg>\t\t<\/div>\n\t\t\t\t\t<div class=\"elementor-container elementor-column-gap-default\">\n\t\t\t\t\t<div class=\"elementor-column elementor-col-100 elementor-top-column elementor-element elementor-element-13cb015\" data-id=\"13cb015\" data-element_type=\"column\" data-e-type=\"column\">\n\t\t\t<div class=\"elementor-widget-wrap elementor-element-populated\">\n\t\t\t\t\t\t<div class=\"elementor-element elementor-element-8de7764 elementor-widget elementor-widget-page-title\" data-id=\"8de7764\" data-element_type=\"widget\" data-e-type=\"widget\" data-widget_type=\"page-title.default\">\n\t\t\t\t<div class=\"elementor-widget-container\">\n\t\t\t\t\t\t\t\n\t\t<div class=\"hfe-page-title hfe-page-title-wrapper elementor-widget-heading\">\n\n\t\t\t\t\t\t\t\t\t\t\t<a href=\"https:\/\/sbsc.sbc.org.br\/2024\">\n\t\t\t\t\t\t<h1 class=\"elementor-heading-title elementor-size-default\">\n\t\t\t\t\t\t\t\t\n\t\t\t\tModelos  \n\t\t\t<\/h1 > \n\t\t\t\t\t\t\t\t\t<\/a>\n\t\t\t\t\t<\/div>\n\t\t\t\t\t\t<\/div>\n\t\t\t\t<\/div>\n\t\t\t\t\t<\/div>\n\t\t<\/div>\n\t\t\t\t\t<\/div>\n\t\t<\/section>\n\t\t\t\t<section class=\"elementor-section elementor-top-section elementor-element elementor-element-0cf0c49 elementor-section-boxed elementor-section-height-default elementor-section-height-default\" data-id=\"0cf0c49\" data-element_type=\"section\" data-e-type=\"section\">\n\t\t\t\t\t\t<div class=\"elementor-container elementor-column-gap-default\">\n\t\t\t\t\t<div class=\"elementor-column elementor-col-100 elementor-top-column elementor-element elementor-element-a3bb5cf\" data-id=\"a3bb5cf\" data-element_type=\"column\" data-e-type=\"column\">\n\t\t\t<div class=\"elementor-widget-wrap elementor-element-populated\">\n\t\t\t\t\t\t<div class=\"elementor-element elementor-element-b8bfb2d elementor-hidden-mobile elementor-widget elementor-widget-spacer\" data-id=\"b8bfb2d\" data-element_type=\"widget\" data-e-type=\"widget\" data-widget_type=\"spacer.default\">\n\t\t\t\t<div class=\"elementor-widget-container\">\n\t\t\t\t\t\t\t<div class=\"elementor-spacer\">\n\t\t\t<div class=\"elementor-spacer-inner\"><\/div>\n\t\t<\/div>\n\t\t\t\t\t\t<\/div>\n\t\t\t\t<\/div>\n\t\t\t\t\t<\/div>\n\t\t<\/div>\n\t\t\t\t\t<\/div>\n\t\t<\/section>\n\t\t\t\t<section class=\"elementor-section elementor-top-section elementor-element elementor-element-ae0b867 elementor-section-boxed elementor-section-height-default elementor-section-height-default\" data-id=\"ae0b867\" data-element_type=\"section\" data-e-type=\"section\">\n\t\t\t\t\t\t<div class=\"elementor-container elementor-column-gap-default\">\n\t\t\t\t\t<div class=\"elementor-column elementor-col-100 elementor-top-column elementor-element elementor-element-1bcc3ea\" data-id=\"1bcc3ea\" data-element_type=\"column\" data-e-type=\"column\">\n\t\t\t<div class=\"elementor-widget-wrap elementor-element-populated\">\n\t\t\t\t\t\t<div class=\"elementor-element elementor-element-dab0495 elementor-widget elementor-widget-text-editor\" data-id=\"dab0495\" data-element_type=\"widget\" data-e-type=\"widget\" data-widget_type=\"text-editor.default\">\n\t\t\t\t<div class=\"elementor-widget-container\">\n\t\t\t\t\t\t\t\t\t<p>Nesta p\u00e1gina, voc\u00ea encontra recursos para lhe ajudar a se preparar para o evento, como modelos de apresenta\u00e7\u00f5es e p\u00f4steres do SBSC 2024. Al\u00e9m disso, oferecemos dicas para ajud\u00e1-lo(a) a formatar de maneira adequada o seu trabalho para o simp\u00f3sio.<\/p>\t\t\t\t\t\t\t\t<\/div>\n\t\t\t\t<\/div>\n\t\t\t\t<section class=\"elementor-section elementor-inner-section elementor-element elementor-element-411db47 elementor-section-boxed elementor-section-height-default elementor-section-height-default\" data-id=\"411db47\" data-element_type=\"section\" data-e-type=\"section\">\n\t\t\t\t\t\t<div class=\"elementor-container elementor-column-gap-wider\">\n\t\t\t\t\t<div class=\"elementor-column elementor-col-33 elementor-inner-column elementor-element elementor-element-d7f5e13\" data-id=\"d7f5e13\" data-element_type=\"column\" data-e-type=\"column\">\n\t\t\t<div class=\"elementor-widget-wrap elementor-element-populated\">\n\t\t\t\t\t\t<div class=\"elementor-element elementor-element-cdd00bd elementor-widget elementor-widget-heading\" data-id=\"cdd00bd\" data-element_type=\"widget\" data-e-type=\"widget\" data-widget_type=\"heading.default\">\n\t\t\t\t<div class=\"elementor-widget-container\">\n\t\t\t\t\t<h4 class=\"elementor-heading-title elementor-size-default\">Modelo de Apresenta\u00e7\u00e3o<\/h4>\t\t\t\t<\/div>\n\t\t\t\t<\/div>\n\t\t\t\t<div class=\"elementor-element elementor-element-c52c786 eael-flipbox-content-align-left elementor-widget__width-initial elementor-widget elementor-widget-eael-flip-box\" data-id=\"c52c786\" data-element_type=\"widget\" data-e-type=\"widget\" data-widget_type=\"eael-flip-box.default\">\n\t\t\t\t<div class=\"elementor-widget-container\">\n\t\t\t\t\t        <div class=\"eael-elements-flip-box-container eael-animate-flip eael-animate-up eael-content eael-flip-box-hover eael-flipbox-fixed-height eael-flipbox-dynamic\">\n\n            <a class=\"eael-elements-flip-box-flip-card\" href=\"https:\/\/docs.google.com\/presentation\/d\/1Ml2BbHvuWk4iHLPHi5YWYu9KrzO-_SJA7oRhcjNOQAc\/edit?usp=sharing\">\n                <div class=\"eael-elements-flip-box-front-container\">\n                    \n                    \n                        <div class=\"eael-elements-slider-display-table\">\n                            <div class=\"eael-elements-flip-box-vertical-align\">\n                                <div class=\"eael-elements-flip-box-padding\">\n                                    <div class=\"eael-elements-flip-box-icon-image\">\n                                                                                    <i aria-hidden=\"true\" class=\"ea-flipbox-icon fas fa-chalkboard-teacher\"><\/i>                                                                                    <\/div>\n                                    <h2 class=\"eael-elements-flip-box-heading\">Modelo de Apresenta\u00e7\u00f5es<\/h2>                                    <div class=\"eael-elements-flip-box-content\">\n\t                                    <p>SBSC 2024<\/p>                                    <\/div>\n                                <\/div>\n                            <\/div>\n                        <\/div>\n                                    <\/div>\n\n                <div class=\"eael-elements-flip-box-rear-container\">\n                                                                <div class=\"eael-elements-slider-display-table\">\n                            <div class=\"eael-elements-flip-box-vertical-align\">\n                                <div class=\"eael-elements-flip-box-padding\">\n                                                                                                            <div class=\"eael-elements-flip-box-content\">\n                                        <p>Baixe aqui o modelo para apresenta\u00e7\u00f5es de artigos do SBSC 2024<\/p>                                    <\/div>\n\n                                                                    <\/div>\n                            <\/div>\n                        <\/div>\n                                    <\/div>\n            <\/a>\n        <\/div>\n        \t\t\t\t<\/div>\n\t\t\t\t<\/div>\n\t\t\t\t\t<\/div>\n\t\t<\/div>\n\t\t\t\t<div class=\"elementor-column elementor-col-33 elementor-inner-column elementor-element elementor-element-a248ab8\" data-id=\"a248ab8\" data-element_type=\"column\" data-e-type=\"column\">\n\t\t\t<div class=\"elementor-widget-wrap elementor-element-populated\">\n\t\t\t\t\t\t<div class=\"elementor-element elementor-element-56e9505 elementor-widget elementor-widget-heading\" data-id=\"56e9505\" data-element_type=\"widget\" data-e-type=\"widget\" data-widget_type=\"heading.default\">\n\t\t\t\t<div class=\"elementor-widget-container\">\n\t\t\t\t\t<h4 class=\"elementor-heading-title elementor-size-default\">Modelo de P\u00f4ster<\/h4>\t\t\t\t<\/div>\n\t\t\t\t<\/div>\n\t\t\t\t<div class=\"elementor-element elementor-element-00d25a6 eael-flipbox-content-align-left elementor-widget__width-initial elementor-widget elementor-widget-eael-flip-box\" data-id=\"00d25a6\" data-element_type=\"widget\" data-e-type=\"widget\" data-widget_type=\"eael-flip-box.default\">\n\t\t\t\t<div class=\"elementor-widget-container\">\n\t\t\t\t\t        <div class=\"eael-elements-flip-box-container eael-animate-flip eael-animate-up eael-content eael-flip-box-hover eael-flipbox-fixed-height eael-flipbox-dynamic\">\n\n            <a class=\"eael-elements-flip-box-flip-card\" href=\"https:\/\/drive.google.com\/file\/d\/161KwL_uoX0w4ogJ43rkrj3q21SSfdl5n\/view?usp=sharing\">\n                <div class=\"eael-elements-flip-box-front-container\">\n                    \n                    \n                        <div class=\"eael-elements-slider-display-table\">\n                            <div class=\"eael-elements-flip-box-vertical-align\">\n                                <div class=\"eael-elements-flip-box-padding\">\n                                    <div class=\"eael-elements-flip-box-icon-image\">\n                                                                                    <i aria-hidden=\"true\" class=\"ea-flipbox-icon far fa-file-image\"><\/i>                                                                                    <\/div>\n                                    <h2 class=\"eael-elements-flip-box-heading\">Modelo de P\u00f4ster<\/h2>                                    <div class=\"eael-elements-flip-box-content\">\n\t                                    <p>SBSC 2024<\/p>                                    <\/div>\n                                <\/div>\n                            <\/div>\n                        <\/div>\n                                    <\/div>\n\n                <div class=\"eael-elements-flip-box-rear-container\">\n                                                                <div class=\"eael-elements-slider-display-table\">\n                            <div class=\"eael-elements-flip-box-vertical-align\">\n                                <div class=\"eael-elements-flip-box-padding\">\n                                                                                                            <div class=\"eael-elements-flip-box-content\">\n                                        <p>Baixe aqui o modelo de P\u00f4ster do SBSC 2024<\/p>                                    <\/div>\n\n                                                                    <\/div>\n                            <\/div>\n                        <\/div>\n                                    <\/div>\n            <\/a>\n        <\/div>\n        \t\t\t\t<\/div>\n\t\t\t\t<\/div>\n\t\t\t\t\t<\/div>\n\t\t<\/div>\n\t\t\t\t<div class=\"elementor-column elementor-col-33 elementor-inner-column elementor-element elementor-element-235cb96\" data-id=\"235cb96\" data-element_type=\"column\" data-e-type=\"column\">\n\t\t\t<div class=\"elementor-widget-wrap\">\n\t\t\t\t\t\t\t<\/div>\n\t\t<\/div>\n\t\t\t\t\t<\/div>\n\t\t<\/section>\n\t\t\t\t<div class=\"elementor-element elementor-element-b7dbae6 elementor-widget-divider--separator-type-pattern elementor-widget-divider--view-line elementor-widget elementor-widget-divider\" data-id=\"b7dbae6\" data-element_type=\"widget\" data-e-type=\"widget\" data-widget_type=\"divider.default\">\n\t\t\t\t<div class=\"elementor-widget-container\">\n\t\t\t\t\t\t\t<div class=\"elementor-divider\" style=\"--divider-pattern-url: url(&quot;data:image\/svg+xml,%3Csvg xmlns=&#039;http:\/\/www.w3.org\/2000\/svg&#039; preserveAspectRatio=&#039;none&#039; overflow=&#039;visible&#039; height=&#039;100%&#039; viewBox=&#039;0 0 24 24&#039; fill=&#039;none&#039; stroke=&#039;black&#039; stroke-width=&#039;1&#039; stroke-linecap=&#039;square&#039; stroke-miterlimit=&#039;10&#039;%3E%3Cpath d=&#039;M0,6c6,0,6,13,12,13S18,6,24,6&#039;\/%3E%3C\/svg%3E&quot;);\">\n\t\t\t<span class=\"elementor-divider-separator\">\n\t\t\t\t\t\t<\/span>\n\t\t<\/div>\n\t\t\t\t\t\t<\/div>\n\t\t\t\t<\/div>\n\t\t\t\t<div class=\"elementor-element elementor-element-31054d5 elementor-widget elementor-widget-accordion\" data-id=\"31054d5\" data-element_type=\"widget\" data-e-type=\"widget\" data-widget_type=\"accordion.default\">\n\t\t\t\t<div class=\"elementor-widget-container\">\n\t\t\t\t\t\t\t<div class=\"elementor-accordion\">\n\t\t\t\t\t\t\t<div class=\"elementor-accordion-item\">\n\t\t\t\t\t<div id=\"elementor-tab-title-5141\" class=\"elementor-tab-title\" data-tab=\"1\" role=\"button\" aria-controls=\"elementor-tab-content-5141\" aria-expanded=\"false\">\n\t\t\t\t\t\t\t\t\t\t\t\t\t<span class=\"elementor-accordion-icon elementor-accordion-icon-left\" aria-hidden=\"true\">\n\t\t\t\t\t\t\t\t\t\t\t\t\t\t\t<span class=\"elementor-accordion-icon-closed\"><i class=\"fas fa-angle-down\"><\/i><\/span>\n\t\t\t\t\t\t\t\t<span class=\"elementor-accordion-icon-opened\"><i class=\"fas fa-minus\"><\/i><\/span>\n\t\t\t\t\t\t\t\t\t\t\t\t\t\t<\/span>\n\t\t\t\t\t\t\t\t\t\t\t\t<a class=\"elementor-accordion-title\" tabindex=\"0\">Como preparar seu p\u00f4ster para o evento?<\/a>\n\t\t\t\t\t<\/div>\n\t\t\t\t\t<div id=\"elementor-tab-content-5141\" class=\"elementor-tab-content elementor-clearfix\" data-tab=\"1\" role=\"region\" aria-labelledby=\"elementor-tab-title-5141\"><p>Os p\u00f4steres dever\u00e3o ser criados pelos autores conforme o modelo que foi disponibilizado acima pela coordena\u00e7\u00e3o do evento. O tamanho padr\u00e3o \u00e9 de 90 cm x 120 cm para apresenta\u00e7\u00e3o no evento.\u00a0<\/p><p>Para ajudar os autores na formata\u00e7\u00e3o elaboramos algumas dicas a respeito de fontes, cores, formato final para impress\u00e3o, etc.<\/p><p><b>Fontes<\/b><\/p><ul><li>O modelo disponibilziado acima, est\u00e1 em formato power point e j\u00e1 cont\u00e9m a fonte oficial do evento: Poppins.<\/li><li>Caso haja algum problema para sua edi\u00e7\u00e3o, voc\u00ea pode baixar a fonte em seu computador <a href=\"https:\/\/fonts.google.com\/specimen\/Poppins\">atrav\u00e9s deste link.<\/a><\/li><li><strong>\u00c9 altamente recomendado seguir a fonte padr\u00e3o e evitar altera\u00e7\u00f5es em seu p\u00f4ster<\/strong>. Se necess\u00e1rio utilize fontes sem serifa, como Arial, Gill Sans, Helvetica ou Verdana para corpo e t\u00edtulo do texto.<\/li><\/ul><p>\u00a0<\/p><p><b>Tamanho da fonte<\/b><\/p><p>O modelo de p\u00f4ster disponibilizado acima j\u00e1 est\u00e1 com as fontes em tamanho ideal, caso precise diminu\u00ed-las, fique atento para n\u00e3o reduzir al\u00e9m do m\u00ednimo indicado. <strong>Se ainda houver muito conte\u00fado, considere retirar textos desnecess\u00e1rios<\/strong>, o recomendado \u00e9 o p\u00f4ster informar a ideia central do trabalho!<\/p><ul><li>T\u00edtulo principal: 72 pontos (m\u00ednimo) \u2013 96 pontos (ideal)<\/li><li>T\u00edtulos de se\u00e7\u00e3o: 42 pontos (m\u00ednimo) \u2013 54 pontos (ideal)<\/li><li>Corpo do texto: 24 pontos (m\u00ednimo) \u2013 36 pontos (ideal)<\/li><\/ul><p>\u00a0<\/p><p><b>Cores<\/b><\/p><p>O modelo de p\u00f4ster j\u00e1 apresenta os t\u00edtulos e corpo do texto com as cores padr\u00e3o do evento. Recomendamos n\u00e3o alterar os tons ou cores, j\u00e1 que eles garantem um bom contraste entre o texto e o fundo.<\/p><p>O t\u00edtulo do p\u00f4ster e suas se\u00e7\u00f5es est\u00e3o definidos com um tom de verde escuro, os nomes das pessoas autoras em um verde mais claro e as institui\u00e7\u00f5es em cinza. O corpo do texto ao longo do p\u00f4ster \u00e9 definido na cor preta.<\/p><p><b>Imagens<\/b><\/p><ul><li><strong>\u00c9 altamente recomendado o p\u00f4ster conter imagens, diagramas e figuras que ilustrem o trabalho.<\/strong> Este recursos auxilia o seu leitor a compreender melhor sua proposta.\u00a0<\/li><li>Lembre-se de utilizar legendas para suas imagens: As legendas e t\u00edtulos devem ser informativos e se necess\u00e1rio informar a fonte da figura.<\/li><\/ul><p>\u00a0<\/p><p><strong>Exporta\u00e7\u00e3o<\/strong><\/p><ul><li><strong>Ap\u00f3s concluir, envie o arquivo no formato indicado pela coordena\u00e7\u00e3o da trilha.<\/strong><\/li><li>Se estiver exportando para o formato PDF, certifique-se de \u201cSalvar em PDF\u201d ou \u201cSalvar como Adobe PDF\u201d (n\u00e3o \u201cImprimir em PDF\u201d).<\/li><\/ul><\/div>\n\t\t\t\t<\/div>\n\t\t\t\t\t\t\t<div class=\"elementor-accordion-item\">\n\t\t\t\t\t<div id=\"elementor-tab-title-5142\" class=\"elementor-tab-title\" data-tab=\"2\" role=\"button\" aria-controls=\"elementor-tab-content-5142\" aria-expanded=\"false\">\n\t\t\t\t\t\t\t\t\t\t\t\t\t<span class=\"elementor-accordion-icon elementor-accordion-icon-left\" aria-hidden=\"true\">\n\t\t\t\t\t\t\t\t\t\t\t\t\t\t\t<span class=\"elementor-accordion-icon-closed\"><i class=\"fas fa-angle-down\"><\/i><\/span>\n\t\t\t\t\t\t\t\t<span class=\"elementor-accordion-icon-opened\"><i class=\"fas fa-minus\"><\/i><\/span>\n\t\t\t\t\t\t\t\t\t\t\t\t\t\t<\/span>\n\t\t\t\t\t\t\t\t\t\t\t\t<a class=\"elementor-accordion-title\" tabindex=\"0\">Como preparar sua apresenta\u00e7\u00e3o em slides para o evento?<\/a>\n\t\t\t\t\t<\/div>\n\t\t\t\t\t<div id=\"elementor-tab-content-5142\" class=\"elementor-tab-content elementor-clearfix\" data-tab=\"2\" role=\"region\" aria-labelledby=\"elementor-tab-title-5142\"><p><strong>Formato<\/strong><\/p><p>O modelo de apresenta\u00e7\u00f5es acima est\u00e1 no formato de uso para o Google apresenta\u00e7\u00f5es. Voc\u00ea pode edit\u00e1-lo diretamente do seu navegador, fazendo uma c\u00f3pia para o seu drive: Arquivo &gt; Fazer uma c\u00f3pia &gt; Toda a apresenta\u00e7\u00e3o. Caso deseje, voc\u00ea pode fazer download em formato Power point.<\/p><p><b>Fontes<\/b><\/p><ul><li>O modelo disponibilizado acima, est\u00e1 em formato do google apresenta\u00e7\u00f5es e j\u00e1 cont\u00e9m a fonte oficial do evento: Poppins.<\/li><li>Caso haja algum problema para sua edi\u00e7\u00e3o, voc\u00ea pode baixar a fonte em seu computador <a href=\"https:\/\/fonts.google.com\/specimen\/Poppins\">atrav\u00e9s deste link.<\/a><\/li><li><strong>\u00c9 altamente recomendado seguir a fonte padr\u00e3o e evitar altera\u00e7\u00f5es<\/strong>. Se necess\u00e1rio utilize fontes sem serifa, como Arial, Gill Sans, Helvetica ou Verdana para corpo e t\u00edtulo do texto.<\/li><\/ul><p>\u00a0<\/p><p><b>Tamanho da fonte<\/b><\/p><ul><li>O modelo de apresenta\u00e7\u00f5es j\u00e1 est\u00e1 com as fontes em tamanho ideal, caso precise diminu\u00ed-las, fique atento para n\u00e3o reduzir al\u00e9m do m\u00ednimo indicado. <strong>Se ainda houver muito conte\u00fado, considere retirar textos desnecess\u00e1rios ou criar mais um slide para conter todo conte\u00fado que deseja.<\/strong><\/li><li aria-level=\"2\">\u00c9 recomendado 36 a 32pt para t\u00edtulo do trabalho, 24pt para subt\u00edtulos de se\u00e7\u00f5es e no m\u00ednimo 18pt para par\u00e1grafos e listas de itens.<\/li><\/ul><p>\u00a0<\/p><p><b>Cores<\/b><\/p><p>O modelo de apresenta\u00e7\u00f5es j\u00e1 apresenta os t\u00edtulos e corpo do texto com as cores padr\u00e3o do evento. Recomendamos n\u00e3o alterar as cores. Mantendo o corpo do texto na cor preta e t\u00edtulos com o tom de verde escuro.<\/p><\/div>\n\t\t\t\t<\/div>\n\t\t\t\t\t\t\t\t<\/div>\n\t\t\t\t\t\t<\/div>\n\t\t\t\t<\/div>\n\t\t\t\t\t<\/div>\n\t\t<\/div>\n\t\t\t\t\t<\/div>\n\t\t<\/section>\n\t\t\t\t<\/div>\n\t\t","protected":false},"excerpt":{"rendered":"<p>Modelos Nesta p\u00e1gina, voc\u00ea encontra recursos para lhe ajudar a se preparar para o evento, como modelos de apresenta\u00e7\u00f5es e p\u00f4steres do SBSC 2024. Al\u00e9m disso, oferecemos dicas para ajud\u00e1-lo(a) a formatar de maneira adequada o seu trabalho para o simp\u00f3sio. Modelo de Apresenta\u00e7\u00e3o Modelo de Apresenta\u00e7\u00f5es SBSC 2024 Baixe aqui o modelo para apresenta\u00e7\u00f5es [&hellip;]<\/p>\n","protected":false},"author":3,"featured_media":0,"parent":0,"menu_order":0,"comment_status":"closed","ping_status":"closed","template":"","meta":{"om_disable_all_campaigns":false,"_monsterinsights_skip_tracking":false,"_monsterinsights_sitenote_active":false,"_monsterinsights_sitenote_note":"","_monsterinsights_sitenote_category":0,"_uf_show_specific_survey":0,"_uf_disable_surveys":false,"footnotes":""},"class_list":["post-946","page","type-page","status-publish","hentry"],"aioseo_notices":[],"_links":{"self":[{"href":"https:\/\/sbsc.sbc.org.br\/2024\/wp-json\/wp\/v2\/pages\/946","targetHints":{"allow":["GET"]}}],"collection":[{"href":"https:\/\/sbsc.sbc.org.br\/2024\/wp-json\/wp\/v2\/pages"}],"about":[{"href":"https:\/\/sbsc.sbc.org.br\/2024\/wp-json\/wp\/v2\/types\/page"}],"author":[{"embeddable":true,"href":"https:\/\/sbsc.sbc.org.br\/2024\/wp-json\/wp\/v2\/users\/3"}],"replies":[{"embeddable":true,"href":"https:\/\/sbsc.sbc.org.br\/2024\/wp-json\/wp\/v2\/comments?post=946"}],"version-history":[{"count":14,"href":"https:\/\/sbsc.sbc.org.br\/2024\/wp-json\/wp\/v2\/pages\/946\/revisions"}],"predecessor-version":[{"id":962,"href":"https:\/\/sbsc.sbc.org.br\/2024\/wp-json\/wp\/v2\/pages\/946\/revisions\/962"}],"wp:attachment":[{"href":"https:\/\/sbsc.sbc.org.br\/2024\/wp-json\/wp\/v2\/media?parent=946"}],"curies":[{"name":"wp","href":"https:\/\/api.w.org\/{rel}","templated":true}]}}